{"id":594,"date":"2016-07-14T19:18:40","date_gmt":"2016-07-14T19:18:40","guid":{"rendered":"http:\/\/blueribboncanine.com\/fr\/contact-copy\/"},"modified":"2022-04-26T18:50:48","modified_gmt":"2022-04-26T18:50:48","slug":"hall-rental","status":"publish","type":"page","link":"https:\/\/blueribboncanine.com\/fr\/hall-rental\/","title":{"rendered":"Location"},"content":{"rendered":"<p>Environnement confortable &amp; s\u00e9curitaire<br \/>\n\t\t\t\t\t\t\t\t\t\t\t\t\t\t\t\t\t\t\t\t\t\t\t\t\t\t\t\t\t\t\t\t\t\t\t\t\t\t\t\t\t\t\t\t\t\t\t\t\t\t\t\t\t<a href=\"#layers-widget-column-15\"><br \/>\n\t\t\t\t\t\t\t\t\t\t\t\t\t\t\tInformez-vous\t\t\t\t\t\t\t\t\t\t\t\t\t\t<\/a><\/p>\n<p><!-- .container --><br \/>\n\t\t\t\t\t\t\t\t <!-- .overlay --><\/p>\n<p>Salle climatis\u00e9e &amp; spacieux<br \/>\n\t\t\t\t\t\t\t\t\t\t\t\t\t\t\t\t\t\t\t\t\t\t\t\t\t\t\t\t\t\t\t\t\t\t\t\t\t\t\t\t\t\t\t\t\t\t\t\t\t\t\t\t\t<a href=\"#layers-widget-column-15\"><br \/>\n\t\t\t\t\t\t\t\t\t\t\t\t\t\t\tInformez-vous\t\t\t\t\t\t\t\t\t\t\t\t\t\t<\/a><\/p>\n<p><!-- .container --><br \/>\n\t\t\t\t\t\t\t\t <!-- .overlay --><\/p>\n<p>Partager avecvos amis<br \/>\n\t\t\t\t\t\t\t\t\t\t\t\t\t\t\t\t\t\t\t\t\t\t\t\t\t\t\t\t\t\t\t\t\t\t\t\t\t\t\t\t\t\t\t\t\t\t\t\t\t\t\t\t\t<a href=\"#layers-widget-column-15\"><br \/>\n\t\t\t\t\t\t\t\t\t\t\t\t\t\t\tInformez-vous\t\t\t\t\t\t\t\t\t\t\t\t\t\t<\/a><\/p>\n<p><!-- .container --><br \/>\n\t\t\t\t\t\t\t\t <!-- .overlay --><\/p>\n<p>\/* INLINE WIDGET CSS *\/<br \/>\n\t\t\t\t#layers-widget-slide-10-949 { background-color: #444; background-repeat: no-repeat;background-position: center;background-size: cover;background-image: url(&#8216;https:\/\/blueribboncanine.com\/fr\/wp-content\/uploads\/2016\/04\/393814_274206969294649_120614339_n.jpg&#8217;);}<br \/>\n #layers-widget-slide-10-637 { background-color: #444; background-repeat: no-repeat;background-position: center;background-size: cover;background-image: url(&#8216;https:\/\/blueribboncanine.com\/fr\/wp-content\/uploads\/2016\/04\/390631_274206742628005_85197014_n.jpg&#8217;);}<br \/>\n #layers-widget-slide-10-635 { background-color: #444; background-repeat: no-repeat;background-position: center;background-size: cover;background-image: url(&#8216;https:\/\/blueribboncanine.com\/fr\/wp-content\/uploads\/2016\/04\/392654_274206765961336_894830730_n.jpg&#8217;);}<\/p>\n<p>Spacieuse et Confortable<br \/>\n\t\t\t\t\t\t\t\t\t\t\t\t\t\t\t\t\t\t\t\t\t\tSalle de Pratique &#8211; 60&#8242; x 40&#8242;<\/p>\n<p>Aire convenable pour l&#8217;ob\u00e9issance, le rallye, la conformation et l&#8217;agilit\u00e9Salle 60&#8242; x 40&#8242; enti\u00e8rement climatis\u00e9. Organiser vos s\u00e9minaires ou autres \u00e9v\u00e9nements.<\/p>\n<p>Louez \u00e0 l&#8217;heure individuellement ou en groupe.Louez pour la journ\u00e9e pour conf\u00e9rences, matchs homologu\u00e9s, fun matchs ou concours officiels<\/p>\n<p>Sauts sur place, donc aucun besoin de transporter les v\u00f4tres.Plancher enti\u00e8rement recouvert de caoutchouc 3\/4&#8243; pour le confort des utilisateurs humains et canins.<\/p>\n<p>\/* INLINE WIDGET CSS *\/<br \/>\n\t\t\t\t#layers-widget-column-15 { background-repeat: no-repeat;background-position: center;}<br \/>\n #layers-widget-column-15-772 { background-repeat: no-repeat;background-position: center;}<br \/>\n #layers-widget-column-15-909 { background-repeat: no-repeat;background-position: center;}<br \/>\n #layers-widget-column-15-107 { background-repeat: no-repeat;background-position: center;}<\/p>\n<p>Consultez le calendrier pour voir la disponibilit\u00e9<\/p>\n<p><a href=\"https:\/\/calendar.google.com\/calendar\/embed?src=lisehargrave@gmail.com&#038;ctz=America\/Montreal\" target=\"_blank\"><br \/>\n\t\t\t\t\t\t\t\t\tCalendrier\t\t\t\t\t\t\t\t<\/a><\/p>\n<p>\/* INLINE WIDGET CSS *\/<br \/>\n\t\t\t\t#layers-widget-layers-pro-call-to-action-4 { background-repeat: no-repeat;background-position: center;}<br \/>\n #layers-widget-layers-pro-call-to-action-4 #layers-widget-layers-pro-call-to-action-4-buttons-973.button { text-transform: normal;}<\/p>\n<p><a href=\"http:\/\/blueribboncanine.com\/wp-content\/uploads\/2017\/03\/Directives-Locateurs.pdf\" target=\"_blank\">Directives pour locateurs<\/a><a href=\"https:\/\/blueribboncanine.com\/fr\/wp-content\/uploads\/2022\/04\/HR-Prices_fr_2022.pdf\" target=\"_blank\">Nos Tarifs<\/a><\/p>\n<p><a href=\"mailto:louise@blueribboncanine.com\">Contacter nous pour r\u00e9server ou pour plus de d\u00e9tails!<\/a><\/p>\n<p>\/* INLINE WIDGET CSS *\/<br \/>\n\t\t\t\t#layers-widget-column-17 { background-repeat: no-repeat;background-position: center;}<br \/>\n #layers-widget-column-17-502 { background-repeat: no-repeat;background-position: center;}<br \/>\n #layers-widget-column-17-633 { background-repeat: no-repeat;background-position: center;}<br \/>\n #layers-widget-column-17-749 { background-repeat: no-repeat;background-position: center;}<\/p>\n","protected":false},"excerpt":{"rendered":"<p class=\"excerpt\">Environnement confortable &amp; s\u00e9curitaire Informez-vous Salle climatis\u00e9e &amp; spacieux Informez-vous Partager avecvos amis Informez-vous \/* INLINE WIDGET CSS *\/ #layers-widget-slide-10-949 { background-color: #444; background-repeat: no-repeat;background-position: center;background-size: cover;background-image: url(&#8216;https:\/\/blueribboncanine.com\/fr\/wp-content\/uploads\/2016\/04\/393814_274206969294649_120614339_n.jpg&#8217;);} #layers-widget-slide-10-637 { background-color: #444; background-repeat: no-repeat;background-position: center;background-size: cover;background-image: url(&#8216;https:\/\/blueribboncanine.com\/fr\/wp-content\/uploads\/2016\/04\/390631_274206742628005_85197014_n.jpg&#8217;);} #layers-widget-slide-10-635 { background-color: #444; background-repeat: no-repeat;background-position: center;background-size: cover;background-image: url(&#8216;https:\/\/blueribboncanine.com\/fr\/wp-content\/uploads\/2016\/04\/392654_274206765961336_894830730_n.jpg&#8217;);} Spacieuse et Confortable Salle de Pratique &#8211; 60&#8242; x [&hellip;]<\/p>\n","protected":false},"author":1,"featured_media":0,"parent":0,"menu_order":0,"comment_status":"closed","ping_status":"closed","template":"builder.php","meta":{"footnotes":""},"_links":{"self":[{"href":"https:\/\/blueribboncanine.com\/fr\/wp-json\/wp\/v2\/pages\/594"}],"collection":[{"href":"https:\/\/blueribboncanine.com\/fr\/wp-json\/wp\/v2\/pages"}],"about":[{"href":"https:\/\/blueribboncanine.com\/fr\/wp-json\/wp\/v2\/types\/page"}],"author":[{"embeddable":true,"href":"https:\/\/blueribboncanine.com\/fr\/wp-json\/wp\/v2\/users\/1"}],"replies":[{"embeddable":true,"href":"https:\/\/blueribboncanine.com\/fr\/wp-json\/wp\/v2\/comments?post=594"}],"version-history":[{"count":213,"href":"https:\/\/blueribboncanine.com\/fr\/wp-json\/wp\/v2\/pages\/594\/revisions"}],"predecessor-version":[{"id":2396,"href":"https:\/\/blueribboncanine.com\/fr\/wp-json\/wp\/v2\/pages\/594\/revisions\/2396"}],"wp:attachment":[{"href":"https:\/\/blueribboncanine.com\/fr\/wp-json\/wp\/v2\/media?parent=594"}],"curies":[{"name":"wp","href":"https:\/\/api.w.org\/{rel}","templated":true}]}}