{"id":5,"date":"2016-03-04T14:48:17","date_gmt":"2016-03-04T14:48:17","guid":{"rendered":"http:\/\/blueribboncanine.com\/fr\/home-page\/"},"modified":"2022-04-26T18:50:48","modified_gmt":"2022-04-26T18:50:48","slug":"home-page-3","status":"publish","type":"page","link":"https:\/\/blueribboncanine.com\/fr\/","title":{"rendered":"Home Page"},"content":{"rendered":"<p>Centre Canin Le Ruban Bleu<br \/>\n\t\t\t\t\t\t\t\t\t\t\t\t\t\t\t\t\t\t\t\t\t\t\t\t\t\t\t\t\t\t\t\t\t\t\t\t\t\t\t\tQuevous voulez un compagnon bien form\u00e9 ou un champion en ob\u00e9issance, le Ruban Bleu est l\u2019endroit,<!--[if !supportLineBreakNewLine]--><!--[endif]--><br \/>\n\t\t\t\t\t\t\t\t\t\t\t\t\t\t\t\t\t\t\t\t\t\t\t\t\t\t\t\t\t\t\t\t\t\t\t\t\t\t\t\t<a href=\"http:\/\/blueribboncanine.com\/fr\/%20training-2-2\"><br \/>\n\t\t\t\t\t\t\t\t\t\t\t\t\t\t\tCours de groupe\t\t\t\t\t\t\t\t\t\t\t\t\t\t<\/a><\/p>\n<p><!-- .container --><br \/>\n\t\t\t\t\t\t\t\t <!-- .overlay --><\/p>\n<p>\u00c9v\u00e9nements et Matchs<br \/>\n\t\t\t\t\t\t\t\t\t\t\t\t\t\t\t\t\t\t\t\t\t\t\t\t\t\t\t\t\t\t\t\t\t\t\t\t\t\t\t\tLe Centre Canin Le Ruban Bleu organise des\u00e9v\u00e9nements et des matchs de comp\u00e9tition toute l\u2019ann\u00e9e pour vous et votrecompagnon canin<br \/>\n\t\t\t\t\t\t\t\t\t\t\t\t\t\t\t\t\t\t\t\t\t\t\t\t\t\t\t\t\t\t\t\t\t\t\t\t\t\t\t\t<a href=\"http:\/\/blueribboncanine.com\/fr\/brc-events\/\"><br \/>\n\t\t\t\t\t\t\t\t\t\t\t\t\t\t\tRenseignez-vous\t\t\t\t\t\t\t\t\t\t\t\t\t\t<\/a><\/p>\n<p><!-- .container --><br \/>\n\t\t\t\t\t\t\t\t <!-- .overlay --><\/p>\n<p>Louez notre salle d&#8217;entra\u00eenement<br \/>\n\t\t\t\t\t\t\t\t\t\t\t\t\t\t\t\t\t\t\t\t\t\t\t\t\t\t\t\t\t\t\t\t\t\t\t\t\t\t\t\tProfitez de notre salle pour pratiquer votre sport canin pr\u00e9f\u00e9r\u00e9 ou pour organisez vos \u00e9v\u00e9nements de comp\u00e9titions ou d&#8217;information.\u00a0<!--[if !supportLineBreakNewLine]--><!--[endif]--><br \/>\n\t\t\t\t\t\t\t\t\t\t\t\t\t\t\t\t\t\t\t\t\t\t\t\t\t\t\t\t\t\t\t\t\t\t\t\t\t\t\t\t<a href=\"http:\/\/blueribboncanine.com\/fr\/hall-rental\/\"><br \/>\n\t\t\t\t\t\t\t\t\t\t\t\t\t\t\tRenseignez-vous\t\t\t\t\t\t\t\t\t\t\t\t\t\t<\/a><\/p>\n<p><!-- .container --><br \/>\n\t\t\t\t\t\t\t\t <!-- .overlay --><\/p>\n<p>Formation d&#8217;entra\u00eenement canin<br \/>\n\t\t\t\t\t\t\t\t\t\t\t\t\t\t\t\t\t\t\t\t\t\t\t\t\t\t\t\t\t\t\t\t\t\t\t\t\t\t\t\tApprenez l&#8217;\u00e9ducation canin \u00e0 la meilleur \u00e9cole \u00e0 Montr\u00e9al<!--[if !supportLineBreakNewLine]--><!--[endif]--><br \/>\n\t\t\t\t\t\t\t\t\t\t\t\t\t\t\t\t\t\t\t\t\t\t\t\t\t\t\t\t\t\t\t\t\t\t\t\t\t\t\t\t<a href=\"http:\/\/blueribboncanine.com\/fr\/become-a-trainer\/\"><br \/>\n\t\t\t\t\t\t\t\t\t\t\t\t\t\t\tRenseignez-vous\t\t\t\t\t\t\t\t\t\t\t\t\t\t<\/a><\/p>\n<p><!-- .container --><br \/>\n\t\t\t\t\t\t\t\t <!-- .overlay --><\/p>\n<p>\/* INLINE WIDGET CSS *\/<br \/>\n\t\t\t\t#layers-widget-slide-1-547 { background-color: #444; background-repeat: no-repeat;background-position: top;background-size: cover;background-image: url(&#8216;https:\/\/blueribboncanine.com\/fr\/wp-content\/uploads\/2016\/07\/theme-candid-portraits-smile-woman-girl.jpeg&#8217;);}<br \/>\n #layers-widget-slide-1-152 { background-color: #444; background-repeat: no-repeat;background-position: center;background-size: cover;background-image: url(&#8216;https:\/\/blueribboncanine.com\/fr\/wp-content\/uploads\/2016\/07\/labrador-breed-dogs-animal-1.jpg&#8217;);}<br \/>\n #layers-widget-slide-1-152 h3.heading,#layers-widget-slide-1-152h3.heading a,#layers-widget-slide-1-152div.excerpt{ color: #ffffff;}<br \/>\n #layers-widget-slide-1-490 { background-color: #444; background-repeat: no-repeat;background-position: center;background-size: cover;background-image: url(&#8216;https:\/\/blueribboncanine.com\/fr\/wp-content\/uploads\/2016\/04\/390631_274206742628005_85197014_n.jpg&#8217;);}<br \/>\n #layers-widget-slide-1-490 h3.heading,#layers-widget-slide-1-490h3.heading a,#layers-widget-slide-1-490div.excerpt{ color: #efefef;}<br \/>\n #layers-widget-slide-1-619 { background-color: #444; background-repeat: no-repeat;background-position: center;background-size: cover;background-image: url(&#8216;https:\/\/blueribboncanine.com\/fr\/wp-content\/uploads\/2016\/07\/dog-trainer-silhouettes-sunset.jpeg&#8217;);}<\/p>\n<p>Le&nbsp;Centre Canin Le Ruban Bleu&nbsp;est une entreprise novatrice offrant une \u00e9cole d&#8217;entra\u00eenement de premi\u00e8re qualit\u00e9 pour chiens. Votre compagnon pr\u00e9f\u00e9r\u00e9 b\u00e9nificiera de techniques de pointe d&#8217;entra\u00eenement \u00e0 l&#8217;ob\u00e9issance. Nos cours d&#8217;ob\u00e9issance sont ax\u00e9s sur la motivation par le jeu et la bouffe. L&#8217;entra\u00eenement devient alors une activit\u00e9 emballante pour le manieur et son chien. Notre but principal est de former un chien de compagnie heureux et fiable qui fera le bonheur de son ma\u00eetre.Au Centre Canin Le Ruban Bleu nous voulons aider d\u00e8s le premier jour avec votre chien&nbsp;!&nbsp;Venez nous voir, nous pouvons vous aider!!<\/p>\n<p>Entra\u00eeneurs<br \/>\n\t\t\t\t\t\t\t\t\t\t\t\t\t\t\t\t\t\t\t\t\t\t\t\t\t\t\t\t\t\t\t\t\t\tEntra\u00eeneurs avec une vaste exp\u00e9rienceen \u00e9ducation et en comportement animal &#038; apprentissage<\/p>\n<p>Entra\u00eenement<br \/>\n\t\t\t\t\t\t\t\t\t\t\t\t\t\t\t\t\t\t\t\t\t\t\t\t\t\t\t\t\t\t\t\t\t\tLes techniques les plus r\u00e9centes et les plusr\u00e9ussis dans la formation de chiens<\/p>\n<p>Service Personnalis\u00e9<br \/>\n\t\t\t\t\t\t\t\t\t\t\t\t\t\t\t\t\t\t\t\t\t\t\t\t\t\t\t\t\t\t\t\t\t\tAttention personnalis\u00e9e \u00e0 vos besoins<\/p>\n<p>\/* INLINE WIDGET CSS *\/<br \/>\n\t\t\t\t#layers-widget-column-1 { background-repeat: no-repeat;background-position: center;}<br \/>\n #layers-widget-column-1 .section-title h3.heading,#layers-widget-column-1.section-title div.excerpt{ color: #000000;}<br \/>\n #layers-widget-column-1-470 { background-repeat: no-repeat;background-position: center;}<br \/>\n #layers-widget-column-1-404 { background-repeat: no-repeat;background-position: center;}<br \/>\n #layers-widget-column-1-188 { background-repeat: no-repeat;background-position: center;}<\/p>\n<p>&#8220;Mes trois bergers Shetland adore leurs classes au Ruban Bleu!&#8221;<br \/>\n\t\t\t\t\t\t\t\t\t\t\t\t\t\t\t\t\t\t\t\t\t\t\t\t\t\t\t\t\t\t\t\t\t\t\t\t\t\t\t\tHarriet avec Whiskey, Brandy &#038; Ember<\/p>\n<p><!-- .container --><br \/>\n\t\t\t\t\t\t\t\t <!-- .overlay --><\/p>\n<p>&#8220;Le Ruban Bleu est mon \u00e9cole d&#8217;entra\u00eenement&#8221;<br \/>\n\t\t\t\t\t\t\t\t\t\t\t\t\t\t\t\t\t\t\t\t\t\t\t\t\t\t\t\t\t\t\t\t\t\t\t\t\t\t\t\tJennifer avec Montana<\/p>\n<p><!-- .container --><br \/>\n\t\t\t\t\t\t\t\t <!-- .overlay --><\/p>\n<p>&#8220;Je re\u00e7ois plusieurs compliments sur la politesse de mon Boxer gr\u00e2ce \u00e0 Lise au Ruban Bleu.&#8221;<br \/>\n\t\t\t\t\t\t\t\t\t\t\t\t\t\t\t\t\t\t\t\t\t\t\t\t\t\t\t\t\t\t\t\t\t\t\t\t\t\t\t\tKaren avec Knuckles<\/p>\n<p><!-- .container --><br \/>\n\t\t\t\t\t\t\t\t <!-- .overlay --><\/p>\n<p>&#8220;J&#8217;ai deux chiens bien \u00e9lev\u00e9s gr\u00e2ce \u00e0 l&#8217;aide du Ruban Bleu.Lise est toujours \u00e0 la recherche de fa\u00e7ons amusantes pour garder nos chiens motiv\u00e9s!&#8221;<br \/>\n\t\t\t\t\t\t\t\t\t\t\t\t\t\t\t\t\t\t\t\t\t\t\t\t\t\t\t\t\t\t\t\t\t\t\t\t\t\t\t\tKathy avec Angus &#038; Maya<\/p>\n<p><!-- .container --><br \/>\n\t\t\t\t\t\t\t\t <!-- .overlay --><\/p>\n<p>\/* INLINE WIDGET CSS *\/<br \/>\n\t\t\t\t#layers-widget-slide-2-615 { background-color: #f1f5f7; background-repeat: no-repeat;background-position: center;}<br \/>\n #layers-widget-slide-2-592 { background-color: #f1f5f7; background-repeat: no-repeat;background-position: center;}<br \/>\n #layers-widget-slide-2-182 { background-color: #f1f5f7; background-repeat: no-repeat;background-position: center;}<br \/>\n #layers-widget-slide-2-120 { background-color: #f1f5f7; background-repeat: no-repeat;background-position: center;}<\/p>\n<p>Our team is backed by over thirty years of experience.<\/p>\n<p>Lise Hargrave<br \/>\n\t\t\t\t\t\t\t\t\t\t\t\t\t\t\t\t\t\t\t\t\t\t\t\t\t\t\t\t\t\t\t\t\t\tOwner<\/p>\n<p>\/* INLINE WIDGET CSS *\/<br \/>\n\t\t\t\t#layers-widget-column-2 { background-color: #e0e0e0; background-repeat: no-repeat;background-position: center;}<br \/>\n #layers-widget-column-2-328 { background-repeat: repeat;background-position: center;}<br \/>\n #layers-widget-column-2-702 { background-repeat: no-repeat;background-position: center;}<br \/>\n #layers-widget-column-2-422 { background-repeat: no-repeat;background-position: center;}<br \/>\n #layers-widget-column-2-525 { background-repeat: no-repeat;background-position: center;}<\/p>\n","protected":false},"excerpt":{"rendered":"<p class=\"excerpt\">Centre Canin Le Ruban Bleu Quevous voulez un compagnon bien form\u00e9 ou un champion en ob\u00e9issance, le Ruban Bleu est l\u2019endroit, Cours de groupe \u00c9v\u00e9nements et Matchs Le Centre Canin Le Ruban Bleu organise des\u00e9v\u00e9nements et des matchs de comp\u00e9tition toute l\u2019ann\u00e9e pour vous et votrecompagnon canin Renseignez-vous Louez notre salle d&#8217;entra\u00eenement Profitez de notre [&hellip;]<\/p>\n","protected":false},"author":1,"featured_media":0,"parent":0,"menu_order":0,"comment_status":"closed","ping_status":"closed","template":"builder.php","meta":{"footnotes":""},"_links":{"self":[{"href":"https:\/\/blueribboncanine.com\/fr\/wp-json\/wp\/v2\/pages\/5"}],"collection":[{"href":"https:\/\/blueribboncanine.com\/fr\/wp-json\/wp\/v2\/pages"}],"about":[{"href":"https:\/\/blueribboncanine.com\/fr\/wp-json\/wp\/v2\/types\/page"}],"author":[{"embeddable":true,"href":"https:\/\/blueribboncanine.com\/fr\/wp-json\/wp\/v2\/users\/1"}],"replies":[{"embeddable":true,"href":"https:\/\/blueribboncanine.com\/fr\/wp-json\/wp\/v2\/comments?post=5"}],"version-history":[{"count":299,"href":"https:\/\/blueribboncanine.com\/fr\/wp-json\/wp\/v2\/pages\/5\/revisions"}],"predecessor-version":[{"id":2399,"href":"https:\/\/blueribboncanine.com\/fr\/wp-json\/wp\/v2\/pages\/5\/revisions\/2399"}],"wp:attachment":[{"href":"https:\/\/blueribboncanine.com\/fr\/wp-json\/wp\/v2\/media?parent=5"}],"curies":[{"name":"wp","href":"https:\/\/api.w.org\/{rel}","templated":true}]}}