{"id":1634,"date":"2017-08-05T10:13:27","date_gmt":"2017-08-05T10:13:27","guid":{"rendered":"http:\/\/blueribboncanine.com\/fr\/?page_id=1634"},"modified":"2020-02-27T00:31:01","modified_gmt":"2020-02-27T00:31:01","slug":"f-a-q-2","status":"publish","type":"page","link":"https:\/\/blueribboncanine.com\/fr\/f-a-q-2\/","title":{"rendered":"F.A.Q. &#8211; French Correct"},"content":{"rendered":"<div class=\"wpb-content-wrapper\"><p>[vc_row][vc_column][vc_custom_heading text=&#8221;Foire aux Questions&#8221; font_container=&#8221;tag:h1|text_align:center|line_height:1&#8243; use_theme_fonts=&#8221;yes&#8221; link=&#8221;url:http%3A%2F%2Fblueribboncanine.com%2Ff-a-q%2F|||&#8221;][\/vc_column][\/vc_row][vc_row][vc_column width=&#8221;5\/6&#8243;][vc_toggle title=&#8221;Mon jeune chien a cinq mois.  Quelle est la classe qui lui conviendrait?&#8221; open=&#8221;true&#8221; el_id=&#8221;1467569485660-6bb7ef70-53b0&#8243;]<span style=\"color: #000000;\">Presque tous les chiens, n\u2019ayant pas cinq mois le jour o\u00f9 d\u00e9bute la classe, devrait \u00eatre enr\u00f4l\u00e9 dans une classe Maternelle pour chiots.\u00a0 Les chiens de petites races &lt;toy&gt;, \u00e2g\u00e9s de plus de cinq mois, peuvent \u00eatre \u00e9galement enr\u00f4l\u00e9s dans une classe de Maternelle.\u00a0 Si ceci vous convient mieux, veuillez communiquer avec nous. Tous chiens de grandes races et ceux de races protrectrices ne peuvent avoir plus de quatre mois pour \u00eatre inscrit dans le cours de maternelle. \u00a0Un chien de plus de cinq mois, le jour o\u00f9 d\u00e9bute la classe, devrait \u00eatre inscrit dans une classe Compagnon Apprenti.<\/span>[\/vc_toggle][vc_toggle title=&#8221;J\u2019aimerais m\u2019inscrire mais je pr\u00e9r\u00e8re ne pas utiliser ma carte de cr\u00e9dit sur l\u2019internet.  Pourrais-je payer pour le cours par ch\u00e8que ou comptant?&#8221; el_id=&#8221;1467569486757-4cf8ed4b-caa7&#8243;]<span style=\"color: #000000;\">Si vous pr\u00e9f\u00e9rez payer par ch\u00e8que, compl\u00e9tez la <a class=\"fancybox-pdf\" style=\"color: #000000;\" href=\"http:\/\/blueribboncanine.com\/fr\/wp-content\/uploads\/2017\/08\/RegForm-CompanionClassesFr.pdf\" target=\"_blank\" rel=\"noopener noreferrer\">formule d\u2019inscription<\/a> et\u00a0postez cell-ci\u00a0\u00e0 l\u2019adresse mentiionn\u00e9e accompagn\u00e9e de votre paiement,\u00a0pour r\u00e9server votre place en classe.\u00a0 Veuillez noter qu\u2019un ch\u00e8que postdat\u00e9 ne peut \u00eatre accept\u00e9.\u00a0 Si vous d\u00e9sirez payer comptant, communiquez avec le centre pour compl\u00e9ter cet arrangement en personne.\u00a0 Vous avez\u00a0aussi le choix\u00a0de\u00a0fournir votre num\u00e9ro de carte de cr\u00e9dit au t\u00e9t\u00e9phone. De toute mani\u00e8re, votre place en classe ne sera r\u00e9serv\u00e9e que lorsque le\u00a0paiment aura \u00e9t\u00e9 fait.<\/span>[\/vc_toggle][vc_toggle title=&#8221;Quelle est votre politique de remboursement?&#8221; el_id=&#8221;1467569487120-710b6a74-1263&#8243;]<span style=\"color: #000000;\">Lorsque vous\u00a0\u00eates inscrit dans une classe,\u00a0vous r\u00e9servez votre place. Si vous abandonnez la classe, votre place demeure vide.\u00a0 Il n\u2019y a aucun remboursement apr\u00e8s\u00a0l\u2019inscription.<\/span>[\/vc_toggle][vc_toggle title=&#8221;Mon chien adulte n\u2019a jamais \u00e9t\u00e9 entra\u00een\u00e9.  Est-il trop \u00e2g\u00e9?  Si non, dans quelle classe devrais-je l\u2019inscrire?&#8221; el_id=&#8221;1467569948471-38ba8721-0629&#8243;]<span style=\"color: #000000;\">Votre chien n\u2019est pas trop vieux pour l\u2019entra\u00eener.\u00a0\u00a0Nous avons plusieurs chiens secour\u00e9s dans nos\u00a0classes qui profitent d\u2019entra\u00eenement\u00a0en obeissance.\u00a0 Il n\u2019est jamais trop tard pour commencer.\u00a0 Un chien adulte devrait \u00eatre inscrit dans une classe Compagnon Apprenti.<\/span>[\/vc_toggle][vc_toggle title=&#8221;Peut-on recevoir des le\u00e7ons priv\u00e9es?&#8221; el_id=&#8221;1467569982105-43855f11-d3ab&#8221;]<span style=\"color: #000000;\">Des consultations priv\u00e9es sont disponibles dans les cas de probl\u00e8mes de dressage ou pour le choix id\u00e9al d\u2019une race pour la famille.\u00a0 Le co\u00fbt est de $100 l\u2019heure.\u00a0 Si vous \u00eates un \u00e9tudiant au Ruban Bleu, le co\u00fbt est de $75 l\u2019heure. Ces le\u00e7ons peuvent \u00eatre donn\u00e9es \u00e0 Dorval ou \u00e0 votre domicile si la distance est raisonnable. Les visites \u00e0 la maison exigerons des frais suppl\u00e9mentaires. \u00a0Veuillez communiquer avec nous pour de plus amples renseignements.<\/span>[\/vc_toggle][vc_toggle title=&#8221;Est-ce qu\u2019une famille enti\u00e8re peut venir \u00e0 la classe?  Tous peuvent-ils entra\u00eener le chien?&#8221; el_id=&#8221;1467570003933-66aeef83-4a61&#8243;]<span style=\"color: #000000;\">Toute la famille est bienvenue pour observer la classe; questionner et pratiquer le devoir assign\u00e9.\u00a0 Cependant, il est pr\u00e9f\u00e9rable de n\u2019avoir qu\u2019un seul entra\u00eeneur pour travailler avec le chien durant les huit\u00a0semaines de la session.\u00a0 Si vous d\u00e9cidez de continuer l\u2019entra\u00eenement, un autre membre de la famille pourrait \u00eatre l\u2019entra\u00eeneur pour cette nouvelle session.\u00a0 Les jeunes enfants sont \u00e9galement bienvenus s\u2019ils savent se tenir tranquilles durant la classe.<\/span>[\/vc_toggle][vc_toggle title=&#8221;Mon enfant peut-il se charger de l\u2019entra\u00eenement?&#8221; el_id=&#8221;1467570027231-9426dcd6-922d&#8221;]<span style=\"color: #000000;\"><em>Nous croyons que les enfants qui auraient l\u2019\u00e2ge d\u2019apprendre sont, tout de m\u00eame, trop jeunes pour enseigner.\u00a0Dix-huit ans est l\u2019\u00e2ge acceptable pour participer aux classes. Ce qui rendrait la t\u00e2che plus facile pour votre chien d\u2019apprendre les bonnes habitudes fondamentales. L\u2019adulte peut entra\u00eener en classe et il peut aider les enfants \u00e0 pratiquer \u00e0 la maison.\u00a0<\/em><\/span>[\/vc_toggle][vc_empty_space height=&#8221;40px&#8221;][\/vc_column][vc_column width=&#8221;1\/6&#8243;][vc_single_image image=&#8221;108&#8243;][\/vc_column][\/vc_row][vc_row][vc_column][vc_text_separator title=&#8221;Blue Ribbon Canine Centre&#8221; color=&#8221;sky&#8221; border_width=&#8221;3&#8243;][\/vc_column][\/vc_row]<\/p>\n<\/div>","protected":false},"excerpt":{"rendered":"<p class=\"excerpt\">[vc_row][vc_column][vc_custom_heading text=&#8221;Foire aux Questions&#8221; font_container=&#8221;tag:h1|text_align:center|line_height:1&#8243; use_theme_fonts=&#8221;yes&#8221; link=&#8221;url:http%3A%2F%2Fblueribboncanine.com%2Ff-a-q%2F|||&#8221;][\/vc_column][\/vc_row][vc_row][vc_column width=&#8221;5\/6&#8243;][vc_toggle title=&#8221;Mon jeune chien a cinq mois. Quelle est la classe qui lui conviendrait?&#8221; open=&#8221;true&#8221; el_id=&#8221;1467569485660-6bb7ef70-53b0&#8243;]Presque tous les chiens, n\u2019ayant pas cinq mois le jour o\u00f9 d\u00e9bute la classe, devrait \u00eatre enr\u00f4l\u00e9 dans une classe Maternelle pour chiots.\u00a0 Les chiens de petites races &lt;toy&gt;, \u00e2g\u00e9s de plus de [&hellip;]<\/p>\n","protected":false},"author":2,"featured_media":0,"parent":0,"menu_order":0,"comment_status":"closed","ping_status":"closed","template":"","meta":{"footnotes":""},"_links":{"self":[{"href":"https:\/\/blueribboncanine.com\/fr\/wp-json\/wp\/v2\/pages\/1634"}],"collection":[{"href":"https:\/\/blueribboncanine.com\/fr\/wp-json\/wp\/v2\/pages"}],"about":[{"href":"https:\/\/blueribboncanine.com\/fr\/wp-json\/wp\/v2\/types\/page"}],"author":[{"embeddable":true,"href":"https:\/\/blueribboncanine.com\/fr\/wp-json\/wp\/v2\/users\/2"}],"replies":[{"embeddable":true,"href":"https:\/\/blueribboncanine.com\/fr\/wp-json\/wp\/v2\/comments?post=1634"}],"version-history":[{"count":6,"href":"https:\/\/blueribboncanine.com\/fr\/wp-json\/wp\/v2\/pages\/1634\/revisions"}],"predecessor-version":[{"id":2087,"href":"https:\/\/blueribboncanine.com\/fr\/wp-json\/wp\/v2\/pages\/1634\/revisions\/2087"}],"wp:attachment":[{"href":"https:\/\/blueribboncanine.com\/fr\/wp-json\/wp\/v2\/media?parent=1634"}],"curies":[{"name":"wp","href":"https:\/\/api.w.org\/{rel}","templated":true}]}}