{"id":1563,"date":"2017-07-31T17:51:40","date_gmt":"2017-07-31T17:51:40","guid":{"rendered":"http:\/\/blueribboncanine.com\/fr\/?page_id=1563"},"modified":"2024-09-21T01:03:59","modified_gmt":"2024-09-21T01:03:59","slug":"services-personalises","status":"publish","type":"page","link":"https:\/\/blueribboncanine.com\/fr\/services-personalises\/","title":{"rendered":"Services Personalis\u00e9s"},"content":{"rendered":"<div class=\"wpb-content-wrapper\"><p>[vc_row][vc_column][vc_column_text]<span style=\"color: #000000;\"><strong><u>Le\u00e7ons priv\u00e9es<\/u><\/strong><strong>\u00a0<\/strong><\/span><\/p>\n<p><span style=\"color: #000000;\">Bien que nous encourageons tous \u00e0 participer \u00e0 des cours en groupe, nous comprenons \u00e9galement que ce n&#8217;est pas toujours une option r\u00e9aliste. Soit que vous n\u2019\u00eates pas disponible au bons moments, ou que votre chien a un probl\u00e8me de comportement plus s\u00e9rieux, comme ceux mentionn\u00e9s ci-dessous. L&#8217;entra\u00eenement priv\u00e9 est personnalis\u00e9 pour vos besoins. De nombreux probl\u00e8mes de comportement peuvent \u00eatre trait\u00e9es dans deux ou trois sessions.<\/span><\/p>\n<p><span style=\"color: #000000;\"><strong>Nous pouvons vous aider avec:<\/strong><\/span><\/p>\n<ul>\n<li><span style=\"color: #000000;\">Aboiements excessifs<\/span><\/li>\n<li><span style=\"color: #000000;\">Agression vers les autres chiens<\/span><\/li>\n<li><span style=\"color: #000000;\">Probl\u00e8mes de chiot &#8211; mordillage, sauter, propret\u00e9, habituer \u00e0 la cage, etc.<\/span><\/li>\n<li><span style=\"color: #000000;\">Pr\u00e9parer pour l\u2019arriv\u00e9 d\u2019un b\u00e9b\u00e9<\/span><\/li>\n<li><span style=\"color: #000000;\">Pr\u00e9parer pour l\u2019arriv\u00e9 d\u2019un nouveau chiot ou chien adulte<\/span><\/li>\n<li><span style=\"color: #000000;\">Tirer sur la laisse<\/span><\/li>\n<li><span style=\"color: #000000;\">Sauter sur les gens<\/span><\/li>\n<li><span style=\"color: #000000;\">Sauter sur les comptoirs<\/span><\/li>\n<li><span style=\"color: #000000;\">Comment choisir le bon chien pour votre famille<\/span><\/li>\n<li><span style=\"color: #000000;\">Venir quand on l&#8217;appelle<\/span><\/li>\n<\/ul>\n<p><span style=\"color: #000000;\"><strong>Cours priv\u00e9s \u2013 Informations et tarifs<\/strong><\/span><\/p>\n<p><span style=\"color: #000000;\">Les cours priv\u00e9s sont offerts \u00e0 notre centre \u00e0 Dorval (pr\u00e8s de l\u2019a\u00e9roport) ou \u00e0 votre domicile (Ouest-de-l&#8217;\u00cele seulement).<\/span><\/p>\n<ul>\n<li><span style=\"color: #000000;\">3 cours (\u00e0 notre centre) :<strong> $375<\/strong><\/span><\/li>\n<li><span style=\"color: #000000;\">3 cours pour probl\u00e8mes de r\u00e9activit\u00e9 : <strong>$420<\/strong><\/span><\/li>\n<li><span style=\"color: #000000;\">3 cours \u00e0 votre domicile (Ouest-de-l&#8217;\u00cele seulement) : <strong>$435<\/strong><\/span><\/li>\n<\/ul>\n<p><span style=\"color: #000000;\">Tous les cours sont payables \u00e0 l\u2019avance par carte de cr\u00e9dit ou par virement \u00e9lectronique.<\/span><\/p>\n<p><span style=\"color: #000000;\">Cours priv\u00e9s <strong>d\u2019ob\u00e9issance pour comp\u00e9tition<\/strong> \u00e0 tous les niveaux \u2013 Novice, Ouverte, Utilit\u00e9 \u2013 offerts par <strong>Marie-Johanne Cloutier<\/strong>.<\/span><\/p>\n<p><span style=\"color: #000000;\">Tous les cours sont offerts dans notre salle d\u2019entra\u00eenement. Co\u00fbt : <strong>100 $\/heure.<\/strong><\/span><\/p>\n<p><span style=\"color: #000000;\"><strong>Pour plus d\u2019informations\u00a0: 514-420-0101 ou <a style=\"color: #000000;\" href=\"mailto:info@blueribboncanine.com\">info@blueribboncanine.com<\/a><\/strong><\/span>[\/vc_column_text][\/vc_column][\/vc_row]<\/p>\n<\/div>","protected":false},"excerpt":{"rendered":"<p class=\"excerpt\">[vc_row][vc_column][vc_column_text]Le\u00e7ons priv\u00e9es\u00a0 Bien que nous encourageons tous \u00e0 participer \u00e0 des cours en groupe, nous comprenons \u00e9galement que ce n&#8217;est pas toujours une option r\u00e9aliste. Soit que vous n\u2019\u00eates pas disponible au bons moments, ou que votre chien a un probl\u00e8me de comportement plus s\u00e9rieux, comme ceux mentionn\u00e9s ci-dessous. L&#8217;entra\u00eenement priv\u00e9 est personnalis\u00e9 pour vos [&hellip;]<\/p>\n","protected":false},"author":1,"featured_media":0,"parent":0,"menu_order":0,"comment_status":"closed","ping_status":"closed","template":"","meta":{"footnotes":""},"_links":{"self":[{"href":"https:\/\/blueribboncanine.com\/fr\/wp-json\/wp\/v2\/pages\/1563"}],"collection":[{"href":"https:\/\/blueribboncanine.com\/fr\/wp-json\/wp\/v2\/pages"}],"about":[{"href":"https:\/\/blueribboncanine.com\/fr\/wp-json\/wp\/v2\/types\/page"}],"author":[{"embeddable":true,"href":"https:\/\/blueribboncanine.com\/fr\/wp-json\/wp\/v2\/users\/1"}],"replies":[{"embeddable":true,"href":"https:\/\/blueribboncanine.com\/fr\/wp-json\/wp\/v2\/comments?post=1563"}],"version-history":[{"count":21,"href":"https:\/\/blueribboncanine.com\/fr\/wp-json\/wp\/v2\/pages\/1563\/revisions"}],"predecessor-version":[{"id":2620,"href":"https:\/\/blueribboncanine.com\/fr\/wp-json\/wp\/v2\/pages\/1563\/revisions\/2620"}],"wp:attachment":[{"href":"https:\/\/blueribboncanine.com\/fr\/wp-json\/wp\/v2\/media?parent=1563"}],"curies":[{"name":"wp","href":"https:\/\/api.w.org\/{rel}","templated":true}]}}