{"id":155,"date":"2016-04-13T14:51:24","date_gmt":"2016-04-13T14:51:24","guid":{"rendered":"http:\/\/blueribboncanine.com\/fr\/?page_id=155"},"modified":"2017-05-12T02:03:09","modified_gmt":"2017-05-12T02:03:09","slug":"a-propos","status":"publish","type":"page","link":"https:\/\/blueribboncanine.com\/fr\/a-propos\/","title":{"rendered":"\u00c0 Propos"},"content":{"rendered":"<table width=\"100%\">\n<tbody>\n<tr>\n<td class=\"H2\" rowspan=\"2\" width=\"31%\"><span style=\"color: #000000;\"><strong>Propri\u00e9taire et Ma\u00eetre Chien du<br \/>\n<\/strong><strong>Ruban Bleu : <\/strong><strong><span class=\"H2\">Lise Hargrave<\/span><\/strong><\/span><\/td>\n<td><strong><a href=\"http:\/\/www.cappdt.ca\/public\/jpage\/1\/p\/Home\/content.do\"><img loading=\"lazy\" decoding=\"async\" src=\"http:\/\/www.blueribboncanine.com\/images\/CAPPDT-2.jpg\" alt=\"\" width=\"100\" height=\"115\" align=\"middle\" border=\"0\" \/><\/a><\/strong><\/td>\n<td><a href=\"http:\/\/www.ckc.ca\/en\/Default.aspx?tabid=91\"><img loading=\"lazy\" decoding=\"async\" src=\"http:\/\/www.blueribboncanine.com\/images\/CGNlogosmall.gif\" alt=\"\" width=\"112\" height=\"115\" align=\"middle\" border=\"0\" \/><\/a><br \/>\n<strong>Evaluator<\/strong><\/td>\n<\/tr>\n<\/tbody>\n<\/table>\n<div>\n<p><span style=\"color: #000000;\"><span class=\"H2\"><strong>Lise Hargrave<\/strong><\/span><span class=\"TexteBleu\"> entraine des chien et donne des cours d&#8217;ob\u00e9issance depuis 15 ans. Elle donne aussi des cours de Rallye, Agilit\u00e9 et Freestyle. Ses compagnons canins sont Kenya, boxer femelle et Gunner, Braque Allemand m\u00e2le. Elle comp\u00e9titionne avec tous les deux.<\/span><\/span><\/p>\n<p><span style=\"color: #000000;\">Lise est membre du<\/span> <a href=\"https:\/\/www.cappdt.ca\/\">Canadian Association of Professional Pet Dog <\/a><a href=\"http:\/\/www.cappdt.ca\/public\/jpage\/1\/p\/Home\/content.do\" target=\"_blank\" rel=\"noopener noreferrer\">Trainers (CAPPDT)<\/a>, <span style=\"color: #000000;\">du<\/span> <a href=\"http:\/\/www.ckc.ca\/fr\/\" target=\"_blank\" rel=\"noopener noreferrer\">Club Canin Canadien (CCC)<\/a> <span style=\"color: #000000;\">et est aussi <strong>\u00e9valuateur\u00a0<\/strong>pour le test<\/span> <a href=\"http:\/\/www.ckc.ca\/fr\/Default.aspx?tabid=152\" target=\"_blank\" rel=\"noopener noreferrer\">Bon Voisin Canin du CCC<\/a>. <span style=\"color: #000000;\">d&#8217;enseigner de fa\u00e7on novatrice et de r\u00e9soudre les probl\u00e8mes avec cr\u00e9ativit\u00e9 en se servant des techniques de pointe d&#8217;entra\u00eenement.<\/span><\/p>\n<p><span style=\"color: #000000;\">Elle a particip\u00e9 \u00e0 plusieurs camps d&#8217;entra\u00eenement, s\u00e9minaires et conf\u00e9rences donnant sur tous les aspects du dressage et du comportement canin ainsi que de la sant\u00e9 et nutrition animale.<\/span><\/p>\n<p><span style=\"color: #000000;\">Elle est disciple de tout ce qui a trait aux chiens. Son enthousiasme est apparent dans ses relations quotidiennes avec ses \u00e9l\u00e8ves, qu&#8217;ils soient humains ou canins. Son exp\u00e9rience vari\u00e9e lui permet<\/span><\/p>\n<\/div>\n<table border=\"0\" width=\"100%\" cellspacing=\"0\" cellpadding=\"0\">\n<tbody>\n<tr valign=\"top\">\n<td width=\"49%\" height=\"433\">\n<div>\n<p><img loading=\"lazy\" decoding=\"async\" src=\"http:\/\/www.blueribboncanine.com\/images\/Lise_Striker_Kenya_Rh.jpg\" alt=\"\" width=\"262\" height=\"312\" \/><\/p>\n<p><span class=\"H2\" style=\"color: #000000;\">Lise avec Kenya &amp; Striker<\/span><br \/>\n<span style=\"color: #000000;\"> <strong><span class=\"TexteBleu\"><br \/>\nCh Holiday&#8217;s Strike It Hot CDX, Amer CD<br \/>\n&amp;<br \/>\nDebria&#8217;s What Dreams May Come CGN, CDX<br \/>\n<em>2nd highest scoring Boxer in obedience<br \/>\nin Canada for 2007<\/em><\/span><\/strong><\/span><\/p>\n<\/div>\n<\/td>\n<td class=\"TexteBleu\" valign=\"middle\" width=\"51%\"><img loading=\"lazy\" decoding=\"async\" src=\"http:\/\/www.blueribboncanine.com\/images\/Lise_Gunner_cropped.jpg\" alt=\"\" width=\"250\" height=\"279\" \/><\/p>\n<p class=\"H2\"><span style=\"color: #000000;\">Lise avec Gunner<\/span><\/p>\n<p><span style=\"color: #000000;\"><strong><span class=\"TexteBleu\">Bajnok Hot Fudge Sundae CD,CGN<\/span><\/strong><\/span><\/td>\n<\/tr>\n<\/tbody>\n<\/table>\n<p>&nbsp;<\/p>\n","protected":false},"excerpt":{"rendered":"<p class=\"excerpt\">Propri\u00e9taire et Ma\u00eetre Chien du Ruban Bleu : Lise Hargrave Evaluator Lise Hargrave entraine des chien et donne des cours d&#8217;ob\u00e9issance depuis 15 ans. Elle donne aussi des cours de Rallye, Agilit\u00e9 et Freestyle. Ses compagnons canins sont Kenya, boxer femelle et Gunner, Braque Allemand m\u00e2le. Elle comp\u00e9titionne avec tous les deux. Lise est membre [&hellip;]<\/p>\n","protected":false},"author":1,"featured_media":0,"parent":0,"menu_order":0,"comment_status":"closed","ping_status":"closed","template":"","meta":{"footnotes":""},"_links":{"self":[{"href":"https:\/\/blueribboncanine.com\/fr\/wp-json\/wp\/v2\/pages\/155"}],"collection":[{"href":"https:\/\/blueribboncanine.com\/fr\/wp-json\/wp\/v2\/pages"}],"about":[{"href":"https:\/\/blueribboncanine.com\/fr\/wp-json\/wp\/v2\/types\/page"}],"author":[{"embeddable":true,"href":"https:\/\/blueribboncanine.com\/fr\/wp-json\/wp\/v2\/users\/1"}],"replies":[{"embeddable":true,"href":"https:\/\/blueribboncanine.com\/fr\/wp-json\/wp\/v2\/comments?post=155"}],"version-history":[{"count":7,"href":"https:\/\/blueribboncanine.com\/fr\/wp-json\/wp\/v2\/pages\/155\/revisions"}],"predecessor-version":[{"id":1308,"href":"https:\/\/blueribboncanine.com\/fr\/wp-json\/wp\/v2\/pages\/155\/revisions\/1308"}],"wp:attachment":[{"href":"https:\/\/blueribboncanine.com\/fr\/wp-json\/wp\/v2\/media?parent=155"}],"curies":[{"name":"wp","href":"https:\/\/api.w.org\/{rel}","templated":true}]}}