{"id":1112,"date":"2017-03-21T22:49:25","date_gmt":"2017-03-21T22:49:25","guid":{"rendered":"http:\/\/blueribboncanine.com\/fr\/?page_id=1112"},"modified":"2026-04-24T21:24:22","modified_gmt":"2026-04-24T21:24:22","slug":"training-2-2","status":"publish","type":"page","link":"https:\/\/blueribboncanine.com\/fr\/training-2-2\/","title":{"rendered":"Cours de groupes"},"content":{"rendered":"<div class=\"wpb-content-wrapper\"><p>[vc_row][vc_column][vc_custom_heading text=&#8221;Entra\u00eenement&#8221; font_container=&#8221;tag:h1|text_align:center|line_height:1&#8243; use_theme_fonts=&#8221;yes&#8221; link=&#8221;url:http%3A%2F%2Fblueribboncanine.com%2Ffr%2Ftraining%2F|||&#8221; el_class=&#8221;custom-head&#8221;][vc_cta h2=&#8221;&#8221;]<\/p>\n<p style=\"text-align: center;\"><span style=\"color: #ff0000; font-size: 12pt;\"><em>S\u2019il-vous-pla\u00eet notez que nos cours sont offerts <strong>en anglais seulement.<br \/>\n<\/strong>Les devoirs sont <\/em><em>disponibles en fran\u00e7ais et vous pouvez parler\u00a0\u00e0<br \/>\nvotre chien dans la langue de votre choix. Merci.<\/em><\/span><\/p>\n<p style=\"text-align: center;\"><strong><span style=\"color: #000000; font-size: 12pt;\">Nos prochain cours d\u00e9buterons le <span style=\"color: #0000ff;\">18 mai 2026<\/span><\/span><br \/>\n<\/strong>&#8212;&#8212;&#8212;&#8212;&#8212;&#8212;&#8212;&#8212;&#8212;&#8212;&#8212;&#8212;&#8212;&#8212;&#8212;&#8212;&#8212;&#8212;&#8212;&#8212;&#8212;&#8212;&#8212;&#8212;&#8212;&#8212;&#8212;&#8212;&#8212;&#8211;<\/p>\n<div><span style=\"color: #000000;\"><strong>CLASSES DE COMPAGNONS:<\/strong><\/span><\/div>\n<div><span style=\"color: #000000;\"><strong>Dur\u00e9e: 8 semaines<\/strong><\/span><\/div>\n<div>\n<p><span style=\"color: #000000;\">Prix\u00a0<\/span><br \/>\n<span style=\"color: #000000;\">Maternelle: $295<\/span><br \/>\n<span style=\"color: #000000;\">Compagnon Apprenti: $360<\/span><br \/>\n<span style=\"color: #000000;\">Compagnon Ma\u00eetre: $360<br \/>\nCompagnon Excellent: $360<\/span><strong><br \/>\n<a href=\"http:\/\/www.blueribboncanine.com\/files\/Directives_de_classes.pdf\" target=\"_blank\" rel=\"noopener noreferrer\"><br \/>\n<\/a><a href=\"http:\/\/blueribboncanine.com\/fr\/wp-content\/uploads\/2017\/03\/Directives-de-classes.pdf\">**S&#8217;il-vous-pla\u00eet lire nos Directives de Classes avant de vous inscrire.**<\/a><\/strong><\/p>\n<p><strong><span style=\"color: #000000;\">INSCRIVEZ-VOUS CI-DESSOUS<\/span><\/strong><\/p>\n<p><span style=\"color: #000000;\">Nos classes sont cr\u00e9\u00e9es pour l&#8217;entra\u00eenement de chiens de compagnie bien \u00e9lev\u00e9s et accommodants.\u00a0 Les gradu\u00e9s de nos classes Compagnons Ma\u00eetre ont l&#8217;habilit\u00e9 n\u00e9cessaire pour entreprendre une carri\u00e8re dans plusieurs sports et activit\u00e9s, si leur ma\u00eetre est motiv\u00e9 \u00e9galement.<\/span><\/p>\n<\/div>\n<div><span style=\"color: #000000;\">\u00a0<\/span><span style=\"color: #000000;\">Si vous d\u00e9sirez de l&#8217;aide avant le d\u00e9but des classes, nous offrons un prix sp\u00e9cial de $100<strong>,<\/strong>00<strong>\u00a0pour une session priv\u00e9e d&#8217;une heure <\/strong>aux personnes d\u00e9j\u00e0 inscrites \u00e0 une classe de groupe.<\/span><\/div>\n<div>\n<ul>\n<li><span style=\"color: #ff0000;\"><em><strong>AUCUN REMBOURSEMENT SERA OFFERT MOINS DE 7 JOURS AVANT LE D\u00c9BUT DU COURS.<\/strong><\/em><\/span><\/li>\n<li><span style=\"color: #ff0000;\"><em><strong>TOUTS CANCELLATIONS PLUS DE 7 JOURS AVANT LE D\u00c9BUT DES COURS EXIGERONS DES FRAIS D&#8217;ADMINISTRATION DE 25$.\u00a0<\/strong><\/em><\/span><\/li>\n<\/ul>\n<\/div>\n<div><strong><em>\u00a0<\/em><\/strong><strong><span style=\"color: #000000;\">INSCRIVEZ-VOUS CI-DESSOUS POUR UN COURS DE GROUPE:<br \/>\n<\/span><\/strong><\/div>\n<div>\n<p><span style=\"color: #000000;\">Voir ci-bas pour vous inscrire ou utilisez\u00a0ce<\/span><a href=\"https:\/\/blueribboncanine.com\/wp-content\/uploads\/2026\/01\/RegForm-CompanionClassesFr.pdf\">\u00a0formulaire<\/a>.\u00a0 <span style=\"color: #000000;\">Veuillez nous contacter pour les paiements en esp\u00e8ces.<\/span><\/p>\n<\/div>\n<p>[\/vc_cta][\/vc_column][\/vc_row][vc_row][vc_column][vc_empty_space][vc_custom_heading text=&#8221;COURS DE GROUPES:&#8221; font_container=&#8221;tag:h2|text_align:center&#8221; use_theme_fonts=&#8221;yes&#8221; el_class=&#8221;custom-head&#8221; link=&#8221;|||&#8221;][vc_custom_heading text=&#8221;COURS COMPAGNON&#8221; use_theme_fonts=&#8221;yes&#8221; el_class=&#8221;custom-head&#8221; link=&#8221;|||&#8221;][vc_tta_tour][vc_tta_section title=&#8221;<b>Maternelle pour Chiot<\/b>&#8221; tab_id=&#8221;1596650620814-c9efbd54-a84b&#8221;][vc_column_text]<span style=\"color: #000000;\"><strong>Pour la plupart des chiots ag\u00e9s de 2 \u00e0 5 mois.<\/strong><\/span><br \/>\n<span style=\"color: #000000;\">(Les chiots de race &#8216;toy&#8217; peuvent avoir jusqu&#8217;\u00e0 9 mois. \u00a0Les races de grande taille et de guarde doivent avoir moins de 4 mois au d\u00e9but du cours.)<\/span><\/p>\n<p><span style=\"color: #000000;\">Le focus est sur la socialisation et la confiance avec les jeux. Les chiots d\u00e9veloppent des comp\u00e9tences pour la vie. Nous vous aidons avec les comportements ind\u00e9sirables tels que sauter, mordiller et aboiement. Nos m\u00e9thodes douces sont efficaces avec des chiots aussi jeunes que 8 semaines.<\/span><br \/>\n<span style=\"color: #000000;\"><strong>1\u00e8re semaine sans chiot &#8211;\u00a0<\/strong><\/span><span style=\"color: #ff0000;\"><strong>Votre pr\u00e9sence \u00e0 ce cours est obligatoire.<\/strong><\/span><\/p>\n<p><a href=\"http:\/\/blueribboncanine.com\/fr\/wp-content\/uploads\/2017\/03\/Directives-de-classes.pdf\">S&#8217;il vous pla\u00eet lire nos Directives de Classes avant de vous inscrire.<\/a><\/p>\n<p><span style=\"color: #000000;\"><strong>Dur\u00e9e:<\/strong> 8\u00a0cours de 50 min. chaque<\/span><br \/>\n<span style=\"color: #000000;\"><strong>Maximum:<\/strong> 8 \u00e9l\u00e8ves<\/span><br \/>\n<span style=\"color: #000000;\"><strong>Prix:<\/strong> 295.00 + tx<\/span>[\/vc_column_text][vc_column_text]<strong><span style=\"color: #000000;\">Les mardis<\/span><\/strong><br \/>\n<span style=\"color: #000000;\">Heure; 18h45<\/span><br \/>\n<span style=\"color: #000000;\">Commencement: 19 mai 2026<br \/>\nProfesseur: Karen Broadway<br \/>\n<\/span>[\/vc_column_text][vc_btn title=&#8221;Inscrivez vous&#8221; color=&#8221;blue&#8221; link=&#8221;url:https%3A%2F%2Fblueribboncanine.com%2Fevents%2Fpuppy-playschool-tuesday-maternelle-pour-chiot-mardi-11%2F&#8221;][vc_column_text]<strong><span style=\"color: #000000;\">Les dimances<\/span><\/strong><br \/>\n<span style=\"color: #000000;\">Heure; 10h30<\/span><br \/>\n<span style=\"color: #000000;\">Commencement: 24 mai 2026<br \/>\nProfesseur: Lise Hargrave<br \/>\n<\/span>[\/vc_column_text][vc_btn title=&#8221;Inscrivez vous&#8221; color=&#8221;blue&#8221; link=&#8221;url:https%3A%2F%2Fblueribboncanine.com%2Fevents%2Fpuppy-playschool-sunday-maternelle-pour-chiot-dimanche-8%2F&#8221;][\/vc_tta_section][vc_tta_section title=&#8221;<b>Compagnon Apprenti<\/b>&#8221; tab_id=&#8221;1596650982506-6b8ec8ce-8bd6&#8243;][vc_column_text]<span style=\"color: #000000;\">Apprentissage pratique et efficace aux bonnes mani\u00e8res n\u00e9cessaires \u00e0 la vie de touts les jours, tel que le rappel, ne pas tirer sur la laisse et ne pas sauter sur les gens. Pour chiens \u00e2g\u00e9s de 5 mois et plus et les dipl\u00f4m\u00e9s du cours de Maternelle.<\/span><br \/>\n<span style=\"color: #000000;\"><strong>Premier cours est sans le chien &#8211; <span style=\"color: #ff0000;\">Votre pr\u00e9sence \u00e0 ce cours est obligatoire.<\/span><\/strong><\/span><br \/>\n<a href=\"http:\/\/blueribboncanine.com\/fr\/wp-content\/uploads\/2017\/03\/Directives-de-classes.pdf\">S&#8217;il vous pla\u00eet lire nos Directives de Classes avant de vous inscrire.<\/a><\/p>\n<p><span style=\"color: #000000;\"><strong>Dur\u00e9e:<\/strong> 8\u00a0cours de 50 min. chaque<\/span><br \/>\n<span style=\"color: #000000;\"><strong>Maximum:<\/strong> 8 \u00e9l\u00e8ves<\/span><br \/>\n<span style=\"color: #000000;\"><strong>Prix:<\/strong> 360.00 + tx<\/span>[\/vc_column_text][vc_column_text]<strong><span style=\"color: #000000;\">Les mardis<\/span><\/strong><br \/>\n<span style=\"color: #000000;\">Heure; 20h00<\/span><br \/>\n<span style=\"color: #000000;\">Commencement: 19 mai 2026<br \/>\nProfesseur: Karen Broadway<br \/>\n<\/span>[\/vc_column_text][vc_btn title=&#8221;Inscrivez vous&#8221; color=&#8221;blue&#8221; link=&#8221;url:https%3A%2F%2Fblueribboncanine.com%2Fevents%2Fcompanion-rookie-tuesday-compagnon-apprenti-mardi-20%2F&#8221;][vc_column_text]<strong><span style=\"color: #000000;\">Les jeudis<\/span><\/strong><br \/>\n<span style=\"color: #000000;\">Heure; 18h30<\/span><br \/>\n<span style=\"color: #000000;\">Commencement: 21 mai 2026<br \/>\nProfesseur: Lara Tabakian<br \/>\n<\/span>[\/vc_column_text][vc_btn title=&#8221;Inscrivez vous&#8221; color=&#8221;blue&#8221; link=&#8221;url:https%3A%2F%2Fblueribboncanine.com%2Fevents%2Fcompanion-rookie-thursday-compagnon-apprenti-jeudi-20%2F&#8221;][vc_column_text]<strong><span style=\"color: #000000;\">Les samedis<\/span><\/strong><br \/>\n<span style=\"color: #000000;\">Heure; 11h45<\/span><br \/>\n<span style=\"color: #000000;\">Commencement: 23 mai 2026<br \/>\nProfesseur: Karen Broadway<br \/>\n<\/span>[\/vc_column_text][vc_btn title=&#8221;Inscrivez vous&#8221; color=&#8221;blue&#8221; link=&#8221;url:https%3A%2F%2Fblueribboncanine.com%2Fevents%2Fcompanion-rookie-saturday-compagnon-apprenti-samedi-16%2F&#8221;][\/vc_tta_section][vc_tta_section title=&#8221;<b>Compagnon Ma\u00eetre<\/b>&#8221; tab_id=&#8221;1596651986498-ea81f86a-3cf5&#8243;][vc_column_text]<span style=\"color: #000000;\">Apprentissage plus pouss\u00e9 incluant le d\u00e9but de travail sans laisse, la r\u00e9ponse aux signaux, des jeux d&#8217;attention et toutes sortes de distractions pour les chiens qui ont r\u00e9ussi le cours de Compagnon Apprenti.<\/span><br \/>\n<a href=\"http:\/\/blueribboncanine.com\/fr\/wp-content\/uploads\/2017\/03\/Directives-de-classes.pdf\"><span style=\"color: #000000;\">S&#8217;il vous pla\u00eet lire nos Directives de Classes avant de vous inscrire.<\/span><\/a><\/p>\n<p><span style=\"color: #000000;\"><strong>NOTE:\u00a0<\/strong><em>Ce cours est disponible seulement au \u00e9quipes (manieur et chien) dipl\u00f4m\u00e9s due cours de Compagnon Apprenti au Ruban Bleu.<\/em><\/span><\/p>\n<p><span style=\"color: #000000;\"><strong>Dur\u00e9e:<\/strong>\u00a08\u00a0cours de 50 min. chaque<\/span><br \/>\n<span style=\"color: #000000;\"><strong>Maximum: <\/strong>8\u00a0\u00e9l\u00e8ves<\/span><br \/>\n<span style=\"color: #000000;\"><strong>Prix:<\/strong> 360.00 + tx<\/span>[\/vc_column_text][vc_column_text]<span style=\"color: #000000;\"><strong>Les jeudis<\/strong><\/span><br \/>\n<span style=\"color: #000000;\">Heure; 19h30<\/span><br \/>\n<span style=\"color: #000000;\">Commencement: 21 mai 2026<br \/>\nProfesseur: Lara Tabakian<br \/>\n<span style=\"color: #ff0000;\">&#8211; CETTE CLASSE EST COMPL\u00c8TE &#8211;<\/span><\/span>[\/vc_column_text][vc_btn title=&#8221;Liste d&#8217;attente&#8221; color=&#8221;blue&#8221; link=&#8221;url:https%3A%2F%2Fblueribboncanine.com%2Fwaiting-list-liste-dattente%2F&#8221;][vc_column_text]<span style=\"color: #000000;\"><strong>Les samedis<\/strong><\/span><br \/>\n<span style=\"color: #000000;\">Heure; 11h45<\/span><br \/>\n<span style=\"color: #000000;\">Commencement: 23 mai 2026<br \/>\nProfesseur: Karen Broadway<br \/>\n<span style=\"color: #ff0000;\">&#8211; CETTE CLASSE EST COMPL\u00c8TE &#8211;<\/span><\/span>[\/vc_column_text][vc_btn title=&#8221;Liste d&#8217;attente&#8221; color=&#8221;blue&#8221; link=&#8221;url:https%3A%2F%2Fblueribboncanine.com%2Fwaiting-list-liste-dattente%2F&#8221;][\/vc_tta_section][vc_tta_section title=&#8221;<b>Compagnon Excellent<\/b>&#8221; tab_id=&#8221;1769098037040-a96f7685-59da&#8221;][vc_column_text]<span style=\"color: #000000;\">Des comp\u00e9tences avanc\u00e9es bas\u00e9es sur des situations r\u00e9elles, comme marcher pr\u00e8s d&#8217;autres chiens, rester calme en pr\u00e9sence d&#8217;autres animaux, et apprendre \u00e0 rester en place et \u00e0 revenir au rappel m\u00eame dans des situations extr\u00eames.<\/span><br \/>\n<span style=\"color: #000000;\"><strong>NOTE:\u00a0<\/strong><em>La classe Compagnon Excellent est r\u00e9serv\u00e9e aux \u00e9quipes (ma\u00eetre et chien) ayant obtenu leur dipl\u00f4me de la classe Compagnon Mailtre.<\/em><\/span><\/p>\n<p><span style=\"color: #000000;\"><strong>Dur\u00e9e:<\/strong>\u00a08\u00a0cours de 50 min. chaque<\/span><br \/>\n<span style=\"color: #000000;\"><strong>Maximum: <\/strong>6\u00a0\u00e9l\u00e8ves<\/span><br \/>\n<span style=\"color: #000000;\"><strong>Prix:<\/strong> 360.00 + tx<\/span>[\/vc_column_text][vc_column_text]<span style=\"color: #000000;\"><strong>Les dimanches<\/strong><\/span><br \/>\n<span style=\"color: #000000;\">Heure; 11h45<\/span><br \/>\n<span style=\"color: #000000;\">Commencement: 24 mai 2026<br \/>\nProfesseur: Lise Hargrave<br \/>\n<span style=\"color: #ff0000;\">&#8211; CETTE CLASSE EST COMPL\u00c8TE &#8211;<\/span><\/span>[\/vc_column_text][vc_btn title=&#8221;Liste d&#8217;attente&#8221; color=&#8221;blue&#8221; link=&#8221;url:https%3A%2F%2Fblueribboncanine.com%2Fwaiting-list-liste-dattente%2F&#8221;][vc_column_text]<span style=\"color: #000000;\"><strong>Les dimanches<\/strong><\/span><br \/>\n<span style=\"color: #000000;\">Heure; 13h00<\/span><br \/>\n<span style=\"color: #000000;\">Commencement: 24 mai 2026<br \/>\nProfesseur: Lise Hargrave<br \/>\n<span style=\"color: #ff0000;\">&#8211; CETTE CLASSE EST COMPL\u00c8TE &#8211;<\/span><\/span>[\/vc_column_text][vc_btn title=&#8221;Liste d&#8217;attente&#8221; color=&#8221;blue&#8221; link=&#8221;url:https%3A%2F%2Fblueribboncanine.com%2Fwaiting-list-liste-dattente%2F&#8221;][\/vc_tta_section][vc_tta_section title=&#8221;<b>Classe pour r\u00e9activit\u00e9<\/b>&#8221; tab_id=&#8221;1707939813029-93b34019-839b&#8221;][vc_column_text]<span style=\"color: #000000;\">Ces cours sont destin\u00e9s \u00e0 aider les chiens qui chiens qui r\u00e9agissent n\u00e9gativement envers les autres chiens, mais qui acceptent les humains. L&#8217;objectif est que les chiens apprennent \u00e0 faire confiance et \u00e0 se concentrer sur leurs ma\u00eetres, et qu&#8217;ils soient capables de fonctionner calmement dans des situations avec d&#8217;autres chiens.<\/span><br \/>\n<span style=\"color: #000000;\"><strong><u>Pr\u00e9requis<\/u><\/strong><strong> :<\/strong> Doit avoir eu au moins une consultation priv\u00e9e avec un entra\u00eeneur Blue Ribbon qui a approuv\u00e9 l&#8217;\u00e9quipe pour ce cours.<\/span><\/p>\n<p><span style=\"color: #000000;\"><strong>Dur\u00e9e:<\/strong> 5 cours de 50 min. chaque<\/span><br \/>\n<span style=\"color: #000000;\"><strong>Maximum: <\/strong>4 \u00e9quipes<br \/>\n<strong>Instructeurs:<\/strong> Lise Hargrave + 4 entraineurs (1 par \u00e9quipe)<\/span><br \/>\n<span style=\"color: #000000;\"><strong>Prix:<\/strong> 485.00 + tx<\/span><\/p>\n<p><span style=\"color: #000000;\">Note: Le premier cours d&#8217;orientation (par Zoom) et les propri\u00e9taires seront familiaris\u00e9s avec les objectifs, les m\u00e9thodes et les exigences du cours.<\/span>[\/vc_column_text][vc_column_text]<span style=\"color: #000000;\"><strong>Les samedis<\/strong><\/span><br \/>\n<span style=\"color: #000000;\">Heure; 13h30<\/span><br \/>\n<span style=\"color: #000000;\">Commencement: 23 mai 2026 (cours virtuel) les cours au centre d\u00e9buterons le 30 mai 2026.<br \/>\n<\/span>[\/vc_column_text][vc_btn title=&#8221;Inscrivez vous&#8221; color=&#8221;blue&#8221; link=&#8221;url:https%3A%2F%2Fblueribboncanine.com%2Fevents%2Fgrowl-class-classe-pour-reactivite-14%2F&#8221;][\/vc_tta_section][\/vc_tta_tour][vc_custom_heading text=&#8221;COURS SPORTS&#8221; use_theme_fonts=&#8221;yes&#8221; el_class=&#8221;custom-head&#8221; link=&#8221;|||&#8221;][vc_tta_tour][vc_tta_section title=&#8221;<b>Agilit\u00e9<\/b>&#8221; tab_id=&#8221;1504819493842-3020ed81-3459&#8243;][vc_column_text]<span style=\"color: #000000;\">Introduction au sport avec un focus sur la technique et la s\u00e9curit\u00e9.\u00a0 L&#8217;\u00e9quipe (manieur ET chien) doit avoir compl\u00e9t\u00e9 les cours de Compagnon Apprenti et Compagnon Ma\u00eetre au Ruban Bleu.<\/span><\/p>\n<p><span style=\"color: #000000;\"><strong>Agilit\u00e9 de Base:<\/strong>\u00a0D\u00e9butants &#8211; Pr\u00e9requis: Compagnon Ma\u00eetre au Ruban Bleu.<br \/>\n<strong>Agilit\u00e9 de Base Avanc\u00e9:<\/strong> &#8211; Pr\u00e9requis: Agilit\u00e9 de Base<\/span><br \/>\n<span style=\"color: #000000;\"><strong>Agilit\u00e9 Niveau Avanc\u00e9:<\/strong>\u00a0Pour les dipl\u00f4m\u00e9s d&#8217;Agilit\u00e9 de Base Avanc\u00e9.<br \/>\n<\/span><br \/>\n<span style=\"color: #000000;\"><strong>Dur\u00e9e:<\/strong> 7 cours de 50 min. chaque<\/span><br \/>\n<span style=\"color: #000000;\"><strong>Maximum:<\/strong> 6\u00a0\u00e9l\u00e8ves<\/span><br \/>\n<span style=\"color: #000000;\"><strong>Prix:<\/strong> 210.00 + tx<\/span>[\/vc_column_text][vc_column_text]<span style=\"color: #000000;\"><strong>Agilit\u00e9 Avanc\u00e9<\/strong><\/span><br \/>\n<span style=\"color: #000000;\">Jour\/Heure: Mercredi, 19h00<\/span><br \/>\n<span style=\"color: #000000;\">Commencement: 18 mars 2026<br \/>\nProfesseur: Jaime Borenstein<br \/>\n<span style=\"color: #ff0000;\">&#8211; CETTE CLASSE EST COMPL\u00c8TE &#8211;<\/span><\/span>[\/vc_column_text][vc_btn title=&#8221;Liste d&#8217;attente&#8221; color=&#8221;blue&#8221; link=&#8221;url:https%3A%2F%2Fblueribboncanine.com%2Fwaiting-list-liste-dattente%2F&#8221;][vc_column_text]<span style=\"color: #000000;\"><strong>Agilit\u00e9\u00a0de Base<\/strong><\/span><br \/>\n<span style=\"color: #000000;\">Jour\/Heure: Mercredi, 20h00<\/span><br \/>\n<span style=\"color: #000000;\">Commencement: 18 mars 2026<br \/>\nProfesseur: Jaime Borenstein<br \/>\n<span style=\"color: #ff0000;\">&#8211; CETTE CLASSE EST COMPL\u00c8TE &#8211;<\/span><\/span>[\/vc_column_text][vc_btn title=&#8221;Liste d&#8217;attente&#8221; color=&#8221;blue&#8221; link=&#8221;url:https%3A%2F%2Fblueribboncanine.com%2Fwaiting-list-liste-dattente%2F&#8221;][\/vc_tta_section][vc_tta_section title=&#8221;<b>Cours de trucs<\/b>&#8221; tab_id=&#8221;1712258165706-63533595-295b&#8221;][vc_column_text]<span style=\"color: #000000;\">Vous apprendrez \u00e0 faire plusieurs trucs avec votre chien, ainsi que quelques un plus compliqu\u00e9s. Vous aurez \u00e9galement la possibilit\u00e9 d&#8217;obtenir un titre et un certificat ! Ce cours offre une stimulation physique et mentale \u00e0 votre chien&#8230; et beaucoup de plaisir \u00e0 vous deux !<\/span><\/p>\n<p><span style=\"color: #000000;\"><strong>Dur\u00e9e:<\/strong> 6 cours de 50 min. chaque<\/span><br \/>\n<span style=\"color: #000000;\"><strong>Maximum:<\/strong> 6 \u00e9l\u00e8ves<\/span><br \/>\n<span style=\"color: #000000;\"><strong>Prix:<\/strong> 240.00 +tx<\/span>[\/vc_column_text][vc_column_text]<span style=\"color: #000000;\"><strong>Les samedis<\/strong><\/span><br \/>\n<span style=\"color: #000000;\">Heure; 9h00<\/span><br \/>\n<span style=\"color: #000000;\">Commencement: 21 mars 2026<br \/>\nProfesseur: Alyssa Teixeira<br \/>\n<\/span>[\/vc_column_text][vc_btn title=&#8221;Inscrivez vous&#8221; color=&#8221;blue&#8221; link=&#8221;url:https%3A%2F%2Fblueribboncanine.com%2Fevents%2Ftricks-class-cours-de-trucs-10%2F&#8221;][\/vc_tta_section][vc_tta_section title=&#8221;<b>Ob\u00e9issance<\/b>&#8221; tab_id=&#8221;1504819493862-bb11811b-a1ab&#8221;][vc_column_text]<span style=\"color: #000000;\">Pour les \u00e9quipes (manieur ET chien) dipl\u00f4m\u00e9s du cours de Compagnon Ma\u00eetre. Pour vous pr\u00e9parer \u00e0 la comp\u00e9tition en ob\u00e9issance du CCC et de parfaire les comportements d\u00e9j\u00e0 appris et apprendre de nouveaux telles que le raporte, sauter sur commandement et d\u00e9tection au flair. Vous pouvez vous entra\u00eener pour le plaisir ou pour vous pr\u00e9parer \u00e0 la comp\u00e9tition, c&#8217;est \u00e0 vous!!<\/span><\/p>\n<p><a href=\"https:\/\/blueribboncanine.com\/fr\/services-personalises\/\"><span style=\"color: #000000;\"><em>Notre instructrice,<strong> Marie-Johanne Cloutier<\/strong>, offre \u00e9galement des cours priv\u00e9s.<\/em><\/span><\/a><\/p>\n<p><span style=\"color: #000000;\"><strong>Dur\u00e9e:<\/strong> 7 cours de 50 min. chaque<\/span><br \/>\n<span style=\"color: #000000;\"><strong>Maximum:<\/strong>\u00a06 \u00e9l\u00e8ves<\/span><br \/>\n<span style=\"color: #000000;\"><strong>Prix:<\/strong> 210.00 + tx<\/span><\/p>\n<p><strong><span style=\"color: #ff0000;\">NOTEZ:\u00a0 PAS DE COURS LE 30 ET 31 MARS 2026<\/span><\/strong>[\/vc_column_text][vc_column_text]<span style=\"color: #000000;\"><strong>Les lundis &#8211;\u00a0Introduction \u00e0 l&#8217;ob\u00e9issance<\/strong><\/span><br \/>\n<span style=\"color: #000000;\">Heure:\u00a018h30<\/span><br \/>\n<span style=\"color: #000000;\">Commencement: 16 mars 2026<br \/>\nProfesseur: Marie-Johanne Cloutier<br \/>\n<span style=\"color: #ff0000;\">&#8211; CETTE CLASSE EST COMPL\u00c8TE &#8211;<\/span><\/span>[\/vc_column_text][vc_btn title=&#8221;Liste d&#8217;attente&#8221; color=&#8221;blue&#8221; link=&#8221;url:https%3A%2F%2Fblueribboncanine.com%2Fwaiting-list-liste-dattente%2F&#8221;][vc_column_text]<span style=\"color: #000000;\"><strong>Les lundis &#8211;\u00a0Novice<\/strong><\/span><br \/>\n<span style=\"color: #000000;\">Heure: 19h00<\/span><br \/>\n<span style=\"color: #000000;\">Commencement: 16 mars 2026<br \/>\nProfesseur: Marie-Johanne Cloutier<br \/>\n<span style=\"color: #ff0000;\">&#8211; CETTE CLASSE EST COMPL\u00c8TE &#8211;<\/span><\/span>[\/vc_column_text][vc_btn title=&#8221;Liste d&#8217;attente&#8221; color=&#8221;blue&#8221; link=&#8221;url:https%3A%2F%2Fblueribboncanine.com%2Fwaiting-list-liste-dattente%2F&#8221;][vc_column_text]<span style=\"color: #000000;\"><strong>Les lundis &#8211;\u00a0Open &amp; Utilit\u00e9<\/strong><\/span><br \/>\n<span style=\"color: #000000;\">Heure: 20h00<br \/>\n<\/span><span style=\"color: #000000;\">Commencement: 16 mars 2026<br \/>\nProfesseur: Marie-Johanne Cloutier<br \/>\n<span style=\"color: #ff0000;\">&#8211; CETTE CLASSE EST COMPL\u00c8TE &#8211;<\/span><\/span>[\/vc_column_text][vc_btn title=&#8221;Liste d&#8217;attente&#8221; color=&#8221;blue&#8221; link=&#8221;url:https%3A%2F%2Fblueribboncanine.com%2Fwaiting-list-liste-dattente%2F&#8221;][vc_column_text]<span style=\"color: #000000;\"><strong>Les mardis &#8211; Ouverte d\u00e9butante<\/strong><\/span><br \/>\n<span style=\"color: #000000;\">Heure: 12h30<\/span><br \/>\n<span style=\"color: #000000;\">Commencement: 17 mars 2026<br \/>\nProfesseur: Marie-Johanne Cloutier<br \/>\n<span style=\"color: #ff0000;\">&#8211; CETTE CLASSE EST COMPL\u00c8TE &#8211;\u00a0<\/span><\/span>[\/vc_column_text][vc_btn title=&#8221;Liste d&#8217;attente&#8221; color=&#8221;blue&#8221; link=&#8221;url:https%3A%2F%2Fblueribboncanine.com%2Fwaiting-list-liste-dattente%2F&#8221;][\/vc_tta_section][vc_tta_section title=&#8221;<b>Rallye-Ob\u00e9issance<\/b>&#8221; tab_id=&#8221;1504819493866-65de3038-deb7&#8243;][vc_column_text]<span style=\"color: #000000;\">Pr\u00e9paration pour la comp\u00e9tition, format CCC et CARO ou tout simplement pour la stimulation mentale et amusemant! Un sport pour les \u00e9quipes (manieur ET chien) dipl\u00f4m\u00e9s de notre cours de Compagnon Ma\u00eetre seulement.<\/span><\/p>\n<p><span style=\"color: #000000;\"><strong>Dur\u00e9e:<\/strong> 7 cours de 50 min. chaque<\/span><br \/>\n<span style=\"color: #000000;\"><strong>Maximum:<\/strong> 6\u00a0\u00e9l\u00e8ves<\/span><br \/>\n<span style=\"color: #000000;\"><strong>Prix:<\/strong> 210.00 + tx<\/span><\/p>\n<p><strong><span style=\"color: #ff0000;\">NOTEZ: PAS DE COURS LE 31 MARS 2026<\/span><\/strong>[\/vc_column_text][vc_column_text]<span style=\"color: #000000;\"><strong>Les\u00a0mardis <span style=\"color: #000000;\">&#8211; <\/span><\/strong><strong>Rallye par excellence\/Rallye ma\u00eetre<\/strong><\/span><br \/>\n<span style=\"color: #000000;\">Heure; 13h30<\/span><br \/>\n<span style=\"color: #000000;\">Commencement: 17 mars 2026<br \/>\nProfesseur: Marie-Johanne Cloutier<br \/>\n<span style=\"color: #ff0000;\">&#8211; CETTE CLASSE EST COMPL\u00c8TE &#8211;<\/span><\/span>[\/vc_column_text][vc_btn title=&#8221;Liste d&#8217;attente&#8221; color=&#8221;blue&#8221; link=&#8221;url:https%3A%2F%2Fblueribboncanine.com%2Fwaiting-list-liste-dattente%2F&#8221;][vc_column_text]<span style=\"color: #000000;\"><strong>Les mardis &#8211; Novice<\/strong><\/span><br \/>\n<span style=\"color: #000000;\">Heure; 14h30<\/span><br \/>\n<span style=\"color: #000000;\">Commencement: 17 mars 2026<br \/>\nProfesseur:\u00a0Marie-Johanne Cloutier<br \/>\n<span style=\"color: #ff0000;\">&#8211; CETTE CLASSE EST COMPL\u00c8TE &#8211;<\/span><\/span>[\/vc_column_text][vc_btn title=&#8221;Liste d&#8217;attente&#8221; color=&#8221;blue&#8221; link=&#8221;url:https%3A%2F%2Fblueribboncanine.com%2Fwaiting-list-liste-dattente%2F&#8221;][\/vc_tta_section][\/vc_tta_tour][vc_empty_space height=&#8221;40px&#8221;][\/vc_column][\/vc_row][vc_row][vc_column][\/vc_column][\/vc_row]<\/p>\n<\/div>","protected":false},"excerpt":{"rendered":"<p class=\"excerpt\">[vc_row][vc_column][vc_custom_heading text=&#8221;Entra\u00eenement&#8221; font_container=&#8221;tag:h1|text_align:center|line_height:1&#8243; use_theme_fonts=&#8221;yes&#8221; link=&#8221;url:http%3A%2F%2Fblueribboncanine.com%2Ffr%2Ftraining%2F|||&#8221; el_class=&#8221;custom-head&#8221;][vc_cta h2=&#8221;&#8221;] S\u2019il-vous-pla\u00eet notez que nos cours sont offerts en anglais seulement. Les devoirs sont disponibles en fran\u00e7ais et vous pouvez parler\u00a0\u00e0 votre chien dans la langue de votre choix. Merci. Nos prochain cours d\u00e9buterons le 18 mai 2026 &#8212;&#8212;&#8212;&#8212;&#8212;&#8212;&#8212;&#8212;&#8212;&#8212;&#8212;&#8212;&#8212;&#8212;&#8212;&#8212;&#8212;&#8212;&#8212;&#8212;&#8212;&#8212;&#8212;&#8212;&#8212;&#8212;&#8212;&#8212;&#8212;&#8211; CLASSES DE COMPAGNONS: Dur\u00e9e: 8 semaines Prix\u00a0 Maternelle: $295 Compagnon [&hellip;]<\/p>\n","protected":false},"author":1,"featured_media":0,"parent":0,"menu_order":0,"comment_status":"closed","ping_status":"closed","template":"","meta":{"footnotes":""},"_links":{"self":[{"href":"https:\/\/blueribboncanine.com\/fr\/wp-json\/wp\/v2\/pages\/1112"}],"collection":[{"href":"https:\/\/blueribboncanine.com\/fr\/wp-json\/wp\/v2\/pages"}],"about":[{"href":"https:\/\/blueribboncanine.com\/fr\/wp-json\/wp\/v2\/types\/page"}],"author":[{"embeddable":true,"href":"https:\/\/blueribboncanine.com\/fr\/wp-json\/wp\/v2\/users\/1"}],"replies":[{"embeddable":true,"href":"https:\/\/blueribboncanine.com\/fr\/wp-json\/wp\/v2\/comments?post=1112"}],"version-history":[{"count":780,"href":"https:\/\/blueribboncanine.com\/fr\/wp-json\/wp\/v2\/pages\/1112\/revisions"}],"predecessor-version":[{"id":2704,"href":"https:\/\/blueribboncanine.com\/fr\/wp-json\/wp\/v2\/pages\/1112\/revisions\/2704"}],"wp:attachment":[{"href":"https:\/\/blueribboncanine.com\/fr\/wp-json\/wp\/v2\/media?parent=1112"}],"curies":[{"name":"wp","href":"https:\/\/api.w.org\/{rel}","templated":true}]}}